{"id":456,"date":"2020-04-11T01:19:49","date_gmt":"2020-04-10T22:19:49","guid":{"rendered":"http:\/\/demo.temavadisi.com\/vadieslem\/?page_id=456"},"modified":"2025-06-05T00:25:43","modified_gmt":"2025-06-05T00:25:43","slug":"kunye","status":"publish","type":"page","link":"https:\/\/www.xn--kprmedya-n4a6d.com\/index.php\/kunye\/","title":{"rendered":"K\u00fcnye"},"content":{"rendered":"\n<div class=\"yazi_baslik\">\n<h1 style=\"text-align: center;\"><strong style=\"font-size: 17px;\">\u0130MT\u0130YAZ SAH\u0130B\u0130<\/strong><\/h1>\n<\/div>\n\n\n\n<hr class=\"wp-block-separator has-alpha-channel-opacity is-style-wide\"\/>\n\n\n\n<div class=\"yazi_icerik\">\n<div class=\"content\">\n<p style=\"text-align: center;\"><strong>Mehmet ARSLAN<\/strong><\/p>\n<p style=\"text-align: center;\"><strong>GENEL YAYIN Y\u00d6NETMEN\u0130<\/strong><\/p>\n<p style=\"text-align: center;\"><strong>ED\u0130T\u00d6RLER<\/strong><\/p>\n<p style=\"text-align: center;\"><strong>GECE VARD\u0130YASI ED\u0130T\u00d6R\u00dc<\/strong>&nbsp;(\u00c7al\u0131\u015fma Saatleri 23:00-08:00)<\/p>\n<p style=\"text-align: center;\"><strong>HUKUK DANI\u015eMANI<\/strong><\/p>\n<p style=\"text-align: center;\"><strong>REKLAM REZERVASYON<\/strong><\/p>\n<p style=\"text-align: center;\">Mehmet ARSLAN<\/p>\n<p style=\"text-align: center;\"><strong>BASIN B\u00dcLTENLER\u0130<\/strong><br>Sitemizin ilgili kategorilerinde yer almas\u0131n\u0131 istedi\u011finiz haberleri&nbsp;a\u015fa\u011f\u0131daki mail adresi ve whatsapp arac\u0131l\u0131\u011f\u0131 ile bize bildirebilirsiniz.<\/p>\n<p style=\"text-align: center;\"><strong>ADRES<\/strong><br>Mustafakemalpa\u015fa\/BURSA<\/p>\n<p style=\"text-align: center;\"><strong>Whatsapp Hatt\u0131 ve Mail<\/strong><\/p>\n<p style=\"text-align: center;\">0531 329 9957 &#8211; medyakopru@gmail.com<\/p>\n<p style=\"text-align: center;\">Sitede yay\u0131mlanan K\u00f6\u015fe Yaz\u0131lar\u0131 ve Yorumlar\u0131n sorumlulu\u011fu yazarlar\u0131na aittir. k\u00f6pr\u00fcmedya.com yaz\u0131lar\u0131n sorumlulu\u011funu almaz.<\/p>\n<\/div>\n<\/div>\n\n\n\n<hr class=\"wp-block-separator has-alpha-channel-opacity is-style-wide\"\/>\n","protected":false},"excerpt":{"rendered":"<p>\u0130MT\u0130YAZ SAH\u0130B\u0130 Mehmet ARSLAN GENEL YAYIN Y\u00d6NETMEN\u0130 ED\u0130T\u00d6RLER GECE VARD\u0130YASI ED\u0130T\u00d6R\u00dc&nbsp;(\u00c7al\u0131\u015fma Saatleri 23:00-08:00) HUKUK DANI\u015eMANI REKLAM REZERVASYON Mehmet ARSLAN BASIN B\u00dcLTENLER\u0130Sitemizin ilgili kategorilerinde yer almas\u0131n\u0131&hellip;<\/p>\n","protected":false},"author":1,"featured_media":0,"parent":0,"menu_order":0,"comment_status":"closed","ping_status":"closed","template":"","meta":{"advanced_seo_description":"","jetpack_seo_html_title":"","jetpack_seo_noindex":false,"footnotes":""},"class_list":["post-456","page","type-page","status-publish","hentry"],"jetpack_likes_enabled":true,"jetpack_sharing_enabled":true,"jetpack_shortlink":"https:\/\/wp.me\/PgAB3S-7m","_links":{"self":[{"href":"https:\/\/www.xn--kprmedya-n4a6d.com\/index.php\/wp-json\/wp\/v2\/pages\/456","targetHints":{"allow":["GET"]}}],"collection":[{"href":"https:\/\/www.xn--kprmedya-n4a6d.com\/index.php\/wp-json\/wp\/v2\/pages"}],"about":[{"href":"https:\/\/www.xn--kprmedya-n4a6d.com\/index.php\/wp-json\/wp\/v2\/types\/page"}],"author":[{"embeddable":true,"href":"https:\/\/www.xn--kprmedya-n4a6d.com\/index.php\/wp-json\/wp\/v2\/users\/1"}],"replies":[{"embeddable":true,"href":"https:\/\/www.xn--kprmedya-n4a6d.com\/index.php\/wp-json\/wp\/v2\/comments?post=456"}],"version-history":[{"count":4,"href":"https:\/\/www.xn--kprmedya-n4a6d.com\/index.php\/wp-json\/wp\/v2\/pages\/456\/revisions"}],"predecessor-version":[{"id":2448,"href":"https:\/\/www.xn--kprmedya-n4a6d.com\/index.php\/wp-json\/wp\/v2\/pages\/456\/revisions\/2448"}],"wp:attachment":[{"href":"https:\/\/www.xn--kprmedya-n4a6d.com\/index.php\/wp-json\/wp\/v2\/media?parent=456"}],"curies":[{"name":"wp","href":"https:\/\/api.w.org\/{rel}","templated":true}]}}